{"id":33,"date":"2026-03-12T21:33:21","date_gmt":"2026-03-12T21:33:21","guid":{"rendered":"https:\/\/crecechile.anacondaweb.in\/?page_id=33"},"modified":"2026-03-25T00:29:47","modified_gmt":"2026-03-25T00:29:47","slug":"home-2","status":"publish","type":"page","link":"https:\/\/imaginaeduc.com\/","title":{"rendered":"Inicio"},"content":{"rendered":"\n<div class=\"wp-block-uagb-container uagb-block-33914ddc alignfull uagb-is-root-container\"><div class=\"uagb-container-inner-blocks-wrap\">\n<div class=\"wp-block-uagb-info-box uagb-block-32540a6c uagb-infobox__content-wrap  uagb-infobox-icon-above-title uagb-infobox-image-valign-top\"><div class=\"uagb-ifb-content\"><div class=\"uagb-ifb-title-wrap\"><span class=\"uagb-ifb-title-prefix\">Transforma tu futuro<\/span><h1 class=\"uagb-ifb-title\">Educaci\u00f3n para j\u00f3venes y adultos en Chile<\/h1><\/div><p class=\"uagb-ifb-desc\">En ImaginaEduc, brindamos oportunidades educativas para que cada adulto logre sus metas acad\u00e9micas y personales en un entorno c\u00e1lido y de confianza.<br>Jornada diurna y\/o vespertina<\/p><div class=\"uagb-ifb-button-wrapper wp-block-button\"><a href=\"contact\/\" class=\"uagb-infobox-cta-link wp-block-button__link\" target=\"_self\" rel=\"noopener noreferrer\" onclick=\"return true;\"><span class=\"uagb-inline-editing\">Matric\u00falate ahora<\/span><\/a><\/div><\/div><\/div>\n<\/div><\/div>\n\n\n\n<div class=\"wp-block-uagb-container uagb-block-5b740152 alignfull uagb-is-root-container\"><div class=\"uagb-container-inner-blocks-wrap\">\n<div class=\"wp-block-uagb-container uagb-block-590aa15a\">\n<div class=\"wp-block-uagb-info-box uagb-block-2359313e uagb-infobox__content-wrap  uagb-infobox-icon-above-title uagb-infobox-image-valign-top\"><div class=\"uagb-ifb-content\"><div class=\"uagb-ifb-title-wrap\"><span class=\"uagb-ifb-title-prefix\">Conoce imagina educ<\/span><h2 class=\"uagb-ifb-title\">Con el respaldo de Colegio Virtual Imagina<br>10 a\u00f1os al servicio de la Comunidad Educativa en Chile y el mundo.<\/h2><\/div><\/div><\/div>\n<\/div>\n\n\n\n<div class=\"wp-block-uagb-container uagb-block-6ec428b1\">\n<div class=\"wp-block-uagb-advanced-heading uagb-block-e30f7b91\"><h3 class=\"uagb-heading-text\">ImaginaEduc es una organizaci\u00f3n dedicada a nivelar estudios para j\u00f3venes y adultos, ofreciendo apoyo y recursos para terminar su proceso educativo.<\/h3><p class=\"uagb-desc-text\">En ImaginaEduc, entregamos programas educativos que se adaptan a las necesidades de los adultos que han debido interrumpir sus estudios por diversas razones. Ofrecemos clases Online y preparaci\u00f3n para alcanzar la nivelaci\u00f3n de estudios con fines laborales o continuidad de estudios superiores. Nuestro enfoque en la calidez y la confianza nos diferencia, propiciando un espacio donde todos puedan avanzar. Hemos sido reconocidos por nuestra dedicaci\u00f3n a la superaci\u00f3n personal en la educaci\u00f3n.<\/p><\/div>\n\n\n\n<div class=\"wp-block-uagb-buttons uagb-buttons__outer-wrap uagb-btn__default-btn uagb-btn-tablet__default-btn uagb-btn-mobile__default-btn uagb-block-dce11512\"><div class=\"uagb-buttons__wrap uagb-buttons-layout-wrap \">\n<div class=\"wp-block-uagb-buttons-child uagb-buttons__outer-wrap uagb-block-dff7d825 wp-block-button\"><div class=\"uagb-button__wrapper\"><a class=\"uagb-buttons-repeater ast-outline-button\" aria-label=\"\" style=\"border-width:revert-layer\" href=\"about\/\" rel=\"follow noopener\" target=\"_self\" role=\"button\"><div class=\"uagb-button__link\">APRENDER M\u00c1S<\/div><\/a><\/div><\/div>\n<\/div><\/div>\n<\/div>\n<\/div><\/div>\n\n\n\n<div class=\"wp-block-uagb-container uagb-block-6524a66f alignfull uagb-is-root-container\"><div class=\"uagb-container-inner-blocks-wrap\">\n<div class=\"wp-block-uagb-info-box uagb-block-99aa96b3 uagb-infobox__content-wrap  uagb-infobox-icon-above-title uagb-infobox-image-valign-top\"><div class=\"uagb-ifb-content\"><div class=\"uagb-ifb-title-wrap\"><span class=\"uagb-ifb-title-prefix\">Nuestros servicios<\/span><h2 class=\"uagb-ifb-title\">Programas de Estudio<br>para nivelaci\u00f3n de Ense\u00f1anza B\u00e1sica y Media<\/h2><\/div><p class=\"uagb-ifb-desc\">\u00bfC\u00f3mo lograr\u00e1s tus metas junto a nosotros?<\/p><\/div><\/div>\n\n\n\n<div class=\"wp-block-uagb-container uagb-block-a0a42333\">\n<div class=\"wp-block-uagb-container uagb-block-9abd22a4\">\n<div class=\"wp-block-uagb-advanced-heading uagb-block-769a552b\"><h2 class=\"uagb-heading-text\">01.<\/h2><div class=\"uagb-separator\"><\/div><\/div>\n\n\n\n<div class=\"wp-block-uagb-info-box uagb-block-d59c5b69 uagb-infobox__content-wrap  uagb-infobox-icon-above-title uagb-infobox-image-valign-top\"><div class=\"uagb-ifb-content\"><div class=\"uagb-ifb-title-wrap\"><h3 class=\"uagb-ifb-title\">Educaci\u00f3n Flexible<\/h3><\/div><p class=\"uagb-ifb-desc\">Preparaci\u00f3n para nivelaci\u00f3n de Educaci\u00f3n B\u00e1sica y Media en Chile por medio clases online personalizadas.<\/p><div class=\"uagb-ifb-button-wrapper wp-block-button\"><a href=\"services\/\" target=\"_self\" onclick=\"return true;\" class=\"uagb-infobox-cta-link\" rel=\"noopener noreferrer\"><span class=\"uagb-inline-editing\">APRENDER M\u00c1S<\/span><\/a><\/div><\/div><\/div>\n<\/div>\n\n\n\n<div class=\"wp-block-uagb-container uagb-block-032d95fc\">\n<div class=\"wp-block-uagb-advanced-heading uagb-block-728f4cfc\"><h2 class=\"uagb-heading-text\">02.<\/h2><div class=\"uagb-separator\"><\/div><\/div>\n\n\n\n<div class=\"wp-block-uagb-info-box uagb-block-ef01bad9 uagb-infobox__content-wrap  uagb-infobox-icon-above-title uagb-infobox-image-valign-top\"><div class=\"uagb-ifb-content\"><div class=\"uagb-ifb-title-wrap\"><h3 class=\"uagb-ifb-title\"><font dir=\"auto\" style=\"vertical-align: inherit;\"><font dir=\"auto\" style=\"vertical-align: inherit;\">Contenido Interactivo<\/font><\/font><\/h3><\/div><p class=\"uagb-ifb-desc\">Todo el contenido en ambiente digital, sencillo e interactivo, disponible las 24 horas los 7 d\u00edas de la semana.<\/p><div class=\"uagb-ifb-button-wrapper wp-block-button\"><a href=\"services\/\" target=\"_self\" onclick=\"return true;\" class=\"uagb-infobox-cta-link\" rel=\"noopener noreferrer\"><span class=\"uagb-inline-editing\">APRENDER M\u00c1S<\/span><\/a><\/div><\/div><\/div>\n<\/div>\n\n\n\n<div class=\"wp-block-uagb-container uagb-block-9c8fa577\">\n<div class=\"wp-block-uagb-advanced-heading uagb-block-cd560cd0\"><h2 class=\"uagb-heading-text\">03.<\/h2><div class=\"uagb-separator\"><\/div><\/div>\n\n\n\n<div class=\"wp-block-uagb-info-box uagb-block-0bb78aa6 uagb-infobox__content-wrap  uagb-infobox-icon-above-title uagb-infobox-image-valign-top\"><div class=\"uagb-ifb-content\"><div class=\"uagb-ifb-title-wrap\"><h3 class=\"uagb-ifb-title\">Orientaci\u00f3n y Validaci\u00f3n<\/h3><\/div><p class=\"uagb-ifb-desc\">Orientaci\u00f3n en los procesos administrativos necesarios para la nivelaci\u00f3n de estudios en Mineduc.<\/p><div class=\"uagb-ifb-button-wrapper wp-block-button\"><a href=\"services\/\" target=\"_self\" onclick=\"return true;\" class=\"uagb-infobox-cta-link\" rel=\"noopener noreferrer\"><span class=\"uagb-inline-editing\">APRENDER M\u00c1S<\/span><\/a><\/div><\/div><\/div>\n<\/div>\n<\/div>\n<\/div><\/div>\n\n\n\n<div class=\"wp-block-uagb-container uagb-block-23d0646f alignfull uagb-is-root-container\"><div class=\"uagb-container-inner-blocks-wrap\">\n<div class=\"wp-block-uagb-container uagb-block-7453ae49\">\n<div class=\"wp-block-uagb-counter uagb-block-7a505c88 wp-block-uagb-counter--number\"><div class=\"wp-block-uagb-counter__number\"><span class=\"uagb-counter-block-number\" data-duration=\"1.5\" data-to-value=\"92\" data-from-value=\"0\" data-delimiter=\",\"><\/span><span class=\"uagb-counter-block-suffix\">%<\/span><\/div><div class=\"wp-block-uagb-counter__title\">Satisfacci\u00f3n del Cliente<\/div><\/div>\n<\/div>\n\n\n\n<div class=\"wp-block-uagb-container uagb-block-a2d43849\">\n<div class=\"wp-block-uagb-counter uagb-block-ead41114 wp-block-uagb-counter--number\"><div class=\"wp-block-uagb-counter__number\"><span class=\"uagb-counter-block-number\" data-duration=\"1.5\" data-to-value=\"25\" data-from-value=\"0\" data-delimiter=\",\"><\/span><span class=\"uagb-counter-block-suffix\">+<\/span><\/div><div class=\"wp-block-uagb-counter__title\">Miembros del Equipo<\/div><\/div>\n<\/div>\n\n\n\n<div class=\"wp-block-uagb-container uagb-block-097966ea\">\n<div class=\"wp-block-uagb-counter uagb-block-eb69c34f wp-block-uagb-counter--number\"><div class=\"wp-block-uagb-counter__number\"><span class=\"uagb-counter-block-number\" data-duration=\"1.5\" data-to-value=\"12\" data-from-value=\"0\" data-delimiter=\",\"><\/span><span class=\"uagb-counter-block-suffix\">+<\/span><\/div><div class=\"wp-block-uagb-counter__title\">A\u00f1os de Experiencia<\/div><\/div>\n<\/div>\n\n\n\n<div class=\"wp-block-uagb-container uagb-block-bd62307c\">\n<div class=\"wp-block-uagb-counter uagb-block-5a657ec5 wp-block-uagb-counter--number\"><div class=\"wp-block-uagb-counter__number\"><span class=\"uagb-counter-block-number\" data-duration=\"1.5\" data-to-value=\"5\" data-from-value=\"0\" data-delimiter=\",\"><\/span><span class=\"uagb-counter-block-suffix\">+<\/span><\/div><div class=\"wp-block-uagb-counter__title\">Premios Globales<\/div><\/div>\n<\/div>\n<\/div><\/div>\n\n\n\n<div class=\"wp-block-uagb-container uagb-block-c61f515b alignfull uagb-is-root-container\">\n<div class=\"wp-block-uagb-container uagb-block-b88a5352\">\n<div class=\"wp-block-uagb-info-box uagb-block-089a5fbd uagb-infobox__content-wrap  uagb-infobox-icon-above-title uagb-infobox-image-valign-top\"><div class=\"uagb-ifb-content\"><div class=\"uagb-ifb-title-wrap\"><span class=\"uagb-ifb-title-prefix\">Nuestra historia<\/span><h2 class=\"uagb-ifb-title\">El viaje de Imagina Educ a trav\u00e9s de los a\u00f1os<\/h2><\/div><p class=\"uagb-ifb-desc\">Desde su fundaci\u00f3n en 2016, la <strong>Sociedad de Educaci\u00f3n y Capacitaci\u00f3n Imagina SpA<\/strong>, ha trabajado incansablemente para brindar acceso a la educaci\u00f3n a ni\u00f1os y adultos en diversas regiones de Chile. A trav\u00e9s de programas innovadores y enfoque en la Comunidad, hemos ayudado a miles de estudiantes a completar estudios, fortaleciendo su confianza y habilidades en el \u00e1mbito acad\u00e9mico y laboral. Nuestra trayectoria est\u00e1 marcada por un compromiso continuo con la excelencia y los valores cristianos.<\/p><div class=\"uagb-ifb-button-wrapper wp-block-button\"><a href=\"about\/\" class=\"uagb-infobox-cta-link wp-block-button__link\" target=\"_self\" rel=\"noopener noreferrer\" onclick=\"return true;\"><span class=\"uagb-inline-editing\">APRENDER M\u00c1S<\/span><\/a><\/div><\/div><\/div>\n<\/div>\n<\/div>\n\n\n\n\n\n<div class=\"wp-block-uagb-container uagb-block-2f326697 alignfull uagb-is-root-container\"><div class=\"uagb-container-inner-blocks-wrap\">\n<div class=\"wp-block-uagb-info-box uagb-block-76ceb716 uagb-infobox__content-wrap  uagb-infobox-icon-above-title uagb-infobox-image-valign-top\"><div class=\"uagb-ifb-content\"><div class=\"uagb-ifb-title-wrap\"><span class=\"uagb-ifb-title-prefix\">Diferentes y Especiales<\/span><h2 class=\"uagb-ifb-title\">Por qu\u00e9 elegir ImaginaEduc<\/h2><\/div><p class=\"uagb-ifb-desc\">Nuestra misi\u00f3n es empoderar a los adultos a trav\u00e9s de la educaci\u00f3n y el acompa\u00f1amiento personalizado.<\/p><\/div><\/div>\n\n\n\n<div class=\"wp-block-uagb-image alignleft uagb-block-3c7a7974 wp-block-uagb-image--layout-default wp-block-uagb-image--effect-static wp-block-uagb-image--align-left\"><figure class=\"wp-block-uagb-image__figure\"><img decoding=\"async\" srcset=\"https:\/\/crecechile.anacondaweb.in\/wp-content\/uploads\/2026\/03\/selective-focus-photography-of-people-sitting-on-chairs-while-writing-on-notebooks-hb6uwq0i4mi.jpeg ,https:\/\/crecechile.anacondaweb.in\/wp-content\/uploads\/2026\/03\/selective-focus-photography-of-people-sitting-on-chairs-while-writing-on-notebooks-hb6uwq0i4mi.jpeg 780w, https:\/\/crecechile.anacondaweb.in\/wp-content\/uploads\/2026\/03\/selective-focus-photography-of-people-sitting-on-chairs-while-writing-on-notebooks-hb6uwq0i4mi.jpeg 360w\" sizes=\"auto, (max-width: 480px) 150px\" src=\"https:\/\/crecechile.anacondaweb.in\/wp-content\/uploads\/2026\/03\/selective-focus-photography-of-people-sitting-on-chairs-while-writing-on-notebooks-hb6uwq0i4mi.jpeg\" alt=\"Woman Pen Notebook\" class=\"uag-image-436\" width=\"1200\" height=\"450\" title=\"Inicio\" loading=\"lazy\" role=\"img\"><\/figure><\/div>\n\n\n\n<div class=\"wp-block-uagb-container uagb-block-84e181c4\">\n<div class=\"wp-block-uagb-info-box uagb-block-4bbc11b0 uagb-infobox__content-wrap  uagb-infobox-icon-above-title uagb-infobox-image-valign-top\"><div class=\"uagb-ifb-content\"><div class=\"uagb-ifb-title-wrap\"><span class=\"uagb-ifb-title-prefix\">01<\/span><h3 class=\"uagb-ifb-title\">Apoyo Personalizado<\/h3><\/div><p class=\"uagb-ifb-desc\">Contamos con un equipo dedicado a brindar atenci\u00f3n individualizada a cada estudiante.<\/p><\/div><\/div>\n\n\n\n<div class=\"wp-block-uagb-info-box uagb-block-e039f349 uagb-infobox__content-wrap  uagb-infobox-icon-above-title uagb-infobox-image-valign-top\"><div class=\"uagb-ifb-content\"><div class=\"uagb-ifb-title-wrap\"><span class=\"uagb-ifb-title-prefix\">02<\/span><h3 class=\"uagb-ifb-title\">Programas Flexibles<\/h3><\/div><p class=\"uagb-ifb-desc\">Nuestros programas est\u00e1n dise\u00f1ados para adaptarse a las necesidades y horarios de adultos que trabajan.<\/p><\/div><\/div>\n\n\n\n<div class=\"wp-block-uagb-info-box uagb-block-8ff54d31 uagb-infobox__content-wrap  uagb-infobox-icon-above-title uagb-infobox-image-valign-top\"><div class=\"uagb-ifb-content\"><div class=\"uagb-ifb-title-wrap\"><span class=\"uagb-ifb-title-prefix\">03<\/span><h3 class=\"uagb-ifb-title\">Comunidad Cristiana<\/h3><\/div><p class=\"uagb-ifb-desc\">Fomentamos un ambiente seguro y acogedor donde cada persona se siente valorada y apoyada.<\/p><\/div><\/div>\n<\/div>\n<\/div><\/div>\n\n\n\n<div class=\"wp-block-uagb-container uagb-block-b684870f alignfull uagb-is-root-container\"><div class=\"uagb-container-inner-blocks-wrap\">\n<div class=\"wp-block-uagb-info-box uagb-block-f83a47d8 uagb-infobox__content-wrap  uagb-infobox-icon-above-title uagb-infobox-image-valign-top\"><div class=\"uagb-ifb-content\"><div class=\"uagb-ifb-title-wrap\"><span class=\"uagb-ifb-title-prefix\">Con\u00e9ctate con nosotros<\/span><h2 class=\"uagb-ifb-title\">\u00a1Actual\u00edzate hoy mismo con ImaginaEduc!<\/h2><\/div><p class=\"uagb-ifb-desc\">No esperes m\u00e1s, da el primer paso hacia tu futuro educativo y personal.<\/p><div class=\"uagb-ifb-button-wrapper wp-block-button\"><a href=\"\/contact\/\" class=\"uagb-infobox-cta-link wp-block-button__link\" target=\"_self\" rel=\"noopener noreferrer\" onclick=\"return true;\"><span class=\"uagb-inline-editing\">Matric\u00falate ahora<\/span><\/a><\/div><\/div><\/div>\n<\/div><\/div>\n\n\n\n<p><\/p>\n","protected":false},"excerpt":{"rendered":"<p>ImaginaEduc es una organizaci\u00f3n dedicada a nivelar estudios para j\u00f3venes y adultos, ofreciendo apoyo y recursos para terminar su proceso [&hellip;]<\/p>\n","protected":false},"author":6,"featured_media":0,"parent":0,"menu_order":0,"comment_status":"closed","ping_status":"closed","template":"","meta":{"_uag_custom_page_level_css":"","site-sidebar-layout":"default","site-content-layout":"","ast-site-content-layout":"default","site-content-style":"default","site-sidebar-style":"default","ast-global-header-display":"","ast-banner-title-visibility":"","ast-main-header-display":"","ast-hfb-above-header-display":"","ast-hfb-below-header-display":"","ast-hfb-mobile-header-display":"","site-post-title":"disabled","ast-breadcrumbs-content":"","ast-featured-img":"","footer-sml-layout":"","ast-disable-related-posts":"","theme-transparent-header-meta":"enabled","adv-header-id-meta":"","stick-header-meta":"","header-above-stick-meta":"","header-main-stick-meta":"","header-below-stick-meta":"","astra-migrate-meta-layouts":"default","ast-page-background-enabled":"default","ast-page-background-meta":{"desktop":{"background-color":"var(--ast-global-color-4)","background-image":"","background-repeat":"repeat","background-position":"center center","background-size":"auto","background-attachment":"scroll","background-type":"","background-media":"","overlay-type":"","overlay-color":"","overlay-opacity":"","overlay-gradient":""},"tablet":{"background-color":"","background-image":"","background-repeat":"repeat","background-position":"center center","background-size":"auto","background-attachment":"scroll","background-type":"","background-media":"","overlay-type":"","overlay-color":"","overlay-opacity":"","overlay-gradient":""},"mobile":{"background-color":"","background-image":"","background-repeat":"repeat","background-position":"center center","background-size":"auto","background-attachment":"scroll","background-type":"","background-media":"","overlay-type":"","overlay-color":"","overlay-opacity":"","overlay-gradient":""}},"ast-content-background-meta":{"desktop":{"background-color":"var(--ast-global-color-5)","background-image":"","background-repeat":"repeat","background-position":"center center","background-size":"auto","background-attachment":"scroll","background-type":"","background-media":"","overlay-type":"","overlay-color":"","overlay-opacity":"","overlay-gradient":""},"tablet":{"background-color":"var(--ast-global-color-5)","background-image":"","background-repeat":"repeat","background-position":"center center","background-size":"auto","background-attachment":"scroll","background-type":"","background-media":"","overlay-type":"","overlay-color":"","overlay-opacity":"","overlay-gradient":""},"mobile":{"background-color":"var(--ast-global-color-5)","background-image":"","background-repeat":"repeat","background-position":"center center","background-size":"auto","background-attachment":"scroll","background-type":"","background-media":"","overlay-type":"","overlay-color":"","overlay-opacity":"","overlay-gradient":""}},"footnotes":""},"class_list":["post-33","page","type-page","status-publish","hentry"],"uagb_featured_image_src":{"full":false,"thumbnail":false,"medium":false,"medium_large":false,"large":false,"1536x1536":false,"2048x2048":false},"uagb_author_info":{"display_name":"lvozk9mziep5","author_link":"https:\/\/imaginaeduc.com\/?author=6"},"uagb_comment_info":0,"uagb_excerpt":"ImaginaEduc es una organizaci\u00f3n dedicada a nivelar estudios para j\u00f3venes y adultos, ofreciendo apoyo y recursos para terminar su proceso [&hellip;]","_links":{"self":[{"href":"https:\/\/imaginaeduc.com\/index.php?rest_route=\/wp\/v2\/pages\/33","targetHints":{"allow":["GET"]}}],"collection":[{"href":"https:\/\/imaginaeduc.com\/index.php?rest_route=\/wp\/v2\/pages"}],"about":[{"href":"https:\/\/imaginaeduc.com\/index.php?rest_route=\/wp\/v2\/types\/page"}],"author":[{"embeddable":true,"href":"https:\/\/imaginaeduc.com\/index.php?rest_route=\/wp\/v2\/users\/6"}],"replies":[{"embeddable":true,"href":"https:\/\/imaginaeduc.com\/index.php?rest_route=%2Fwp%2Fv2%2Fcomments&post=33"}],"version-history":[{"count":16,"href":"https:\/\/imaginaeduc.com\/index.php?rest_route=\/wp\/v2\/pages\/33\/revisions"}],"predecessor-version":[{"id":513,"href":"https:\/\/imaginaeduc.com\/index.php?rest_route=\/wp\/v2\/pages\/33\/revisions\/513"}],"wp:attachment":[{"href":"https:\/\/imaginaeduc.com\/index.php?rest_route=%2Fwp%2Fv2%2Fmedia&parent=33"}],"curies":[{"name":"wp","href":"https:\/\/api.w.org\/{rel}","templated":true}]}}